{"id":689,"date":"2021-04-11T19:30:52","date_gmt":"2021-04-11T17:30:52","guid":{"rendered":"http:\/\/marie-poteries.fr\/?page_id=689"},"modified":"2026-03-24T22:57:47","modified_gmt":"2026-03-24T21:57:47","slug":"bougies-parfumees","status":"publish","type":"page","link":"https:\/\/marie-poteries.fr\/","title":{"rendered":""},"content":{"rendered":"\n<p class=\"has-text-align-center has-x-large-font-size\"> <\/p>\n\n\n\n<p class=\"has-text-align-center\" style=\"font-size:30px\">Apr\u00e8s de belles ann\u00e9es , mon atelier les poteries de marie ferme ses portes d\u00e8s samedi 2 mai 2026 mais ce n&#8217;est pas la fin , bien au contraire ! Une nouvelle page s&#8217;ouvre , toujours autour de la Poterie , avec un projet different que vous pourrez d\u00e9couvrir prochainement , \u00e0 tres bient\u00f4t !<\/p>\n\n\n\n<p class=\"has-text-align-center has-vivid-red-color has-text-color has-large-font-size\"><strong>-50 % sur tout le magasin<\/strong> <\/p>\n\n\n\n<p class=\"has-text-align-center\"><\/p>\n","protected":false},"excerpt":{"rendered":"<p>Apr\u00e8s de belles ann\u00e9es , mon atelier les poteries de marie ferme ses portes d\u00e8s samedi 2 mai 2026 mais ce n&#8217;est pas la fin , bien au contraire ! Une nouvelle page s&#8217;ouvre , toujours autour de la Poterie , avec un projet different que vous pourrez d\u00e9couvrir prochainement , \u00e0 tres bient\u00f4t !&hellip; <\/p>\n<p class=\"chuchadon-read-more\"><a href=\"https:\/\/marie-poteries.fr\/\" class=\"more-link\">Lire la suite de <span class=\"screen-reader-text\"><\/span><\/a><\/p>\n","protected":false},"author":1,"featured_media":0,"parent":0,"menu_order":0,"comment_status":"closed","ping_status":"closed","template":"","meta":[],"_links":{"self":[{"href":"https:\/\/marie-poteries.fr\/index.php?rest_route=\/wp\/v2\/pages\/689"}],"collection":[{"href":"https:\/\/marie-poteries.fr\/index.php?rest_route=\/wp\/v2\/pages"}],"about":[{"href":"https:\/\/marie-poteries.fr\/index.php?rest_route=\/wp\/v2\/types\/page"}],"author":[{"embeddable":true,"href":"https:\/\/marie-poteries.fr\/index.php?rest_route=\/wp\/v2\/users\/1"}],"replies":[{"embeddable":true,"href":"https:\/\/marie-poteries.fr\/index.php?rest_route=%2Fwp%2Fv2%2Fcomments&post=689"}],"version-history":[{"count":39,"href":"https:\/\/marie-poteries.fr\/index.php?rest_route=\/wp\/v2\/pages\/689\/revisions"}],"predecessor-version":[{"id":1066,"href":"https:\/\/marie-poteries.fr\/index.php?rest_route=\/wp\/v2\/pages\/689\/revisions\/1066"}],"wp:attachment":[{"href":"https:\/\/marie-poteries.fr\/index.php?rest_route=%2Fwp%2Fv2%2Fmedia&parent=689"}],"curies":[{"name":"wp","href":"https:\/\/api.w.org\/{rel}","templated":true}]}}