{"id":139,"date":"2018-02-07T16:02:38","date_gmt":"2018-02-07T15:02:38","guid":{"rendered":"http:\/\/marie-poteries.fr\/?page_id=139"},"modified":"2025-01-16T15:11:41","modified_gmt":"2025-01-16T14:11:41","slug":"cours","status":"publish","type":"page","link":"https:\/\/marie-poteries.fr\/?page_id=139","title":{"rendered":"Cours de poterie"},"content":{"rendered":"\n<h3 class=\"has-text-align-center\" id=\"les-poteries-de-marie\" style=\"font-size:28px\">\u00a0\u00a0\u00a0Les Poteries de Marie<\/h3>\n\n\n\n<p class=\"has-text-align-center\"><strong>-Cours de Poterie-<\/strong><\/p>\n\n\n\n<div class=\"wp-block-image\"><figure class=\"aligncenter\"><img loading=\"lazy\" width=\"239\" height=\"211\" src=\"http:\/\/marie-poteries.fr\/wp-content\/uploads\/2019\/08\/index.jpg\" alt=\"\" class=\"wp-image-413\"\/><\/figure><\/div>\n\n\n\n<div style=\"height:1px\" aria-hidden=\"true\" class=\"wp-block-spacer\"><\/div>\n\n\n\n<p style=\"font-size:18px\">Le prix comprend :<\/p>\n\n\n\n<ul style=\"font-size:18px\"><li>le cours de 1H30 \u00e0 40,00 \u20ac<\/li><li>la fourniture du tablier ,des outils , de la terre , les 2 cuissons et l&#8217;\u00e9maillage<\/li><\/ul>\n\n\n\n<p>Les cours auront lieu uniquement le Samedi de 10h30 \u00e0 12h00 le matin et de 15h00 \u00e0 16h30 l&#8217;apr\u00e8s-midi . <\/p>\n\n\n\n<p class=\"has-text-align-center has-black-color has-text-color\" style=\"font-size:30px\">Pour plus de renseignements , contactez moi au <strong> <\/strong>06 77 32 92 80<\/p>\n","protected":false},"excerpt":{"rendered":"<p>\u00a0\u00a0\u00a0Les Poteries de Marie -Cours de Poterie- Le prix comprend : le cours de 1H30 \u00e0 40,00 \u20ac la fourniture du tablier ,des outils , de la terre , les 2 cuissons et l&#8217;\u00e9maillage Les cours auront lieu uniquement le Samedi de 10h30 \u00e0 12h00 le matin et de 15h00 \u00e0 16h30 l&#8217;apr\u00e8s-midi . Pour&hellip; <\/p>\n<p class=\"chuchadon-read-more\"><a href=\"https:\/\/marie-poteries.fr\/?page_id=139\" class=\"more-link\">Lire la suite de <span class=\"screen-reader-text\">Cours de poterie<\/span><\/a><\/p>\n","protected":false},"author":1,"featured_media":0,"parent":0,"menu_order":0,"comment_status":"closed","ping_status":"closed","template":"","meta":[],"_links":{"self":[{"href":"https:\/\/marie-poteries.fr\/index.php?rest_route=\/wp\/v2\/pages\/139"}],"collection":[{"href":"https:\/\/marie-poteries.fr\/index.php?rest_route=\/wp\/v2\/pages"}],"about":[{"href":"https:\/\/marie-poteries.fr\/index.php?rest_route=\/wp\/v2\/types\/page"}],"author":[{"embeddable":true,"href":"https:\/\/marie-poteries.fr\/index.php?rest_route=\/wp\/v2\/users\/1"}],"replies":[{"embeddable":true,"href":"https:\/\/marie-poteries.fr\/index.php?rest_route=%2Fwp%2Fv2%2Fcomments&post=139"}],"version-history":[{"count":65,"href":"https:\/\/marie-poteries.fr\/index.php?rest_route=\/wp\/v2\/pages\/139\/revisions"}],"predecessor-version":[{"id":979,"href":"https:\/\/marie-poteries.fr\/index.php?rest_route=\/wp\/v2\/pages\/139\/revisions\/979"}],"wp:attachment":[{"href":"https:\/\/marie-poteries.fr\/index.php?rest_route=%2Fwp%2Fv2%2Fmedia&parent=139"}],"curies":[{"name":"wp","href":"https:\/\/api.w.org\/{rel}","templated":true}]}}